{"id":84,"date":"2017-07-29T11:35:31","date_gmt":"2017-07-29T09:35:31","guid":{"rendered":"https:\/\/www.mark-rohde.de\/?page_id=84"},"modified":"2026-01-27T15:45:21","modified_gmt":"2026-01-27T14:45:21","slug":"impressum","status":"publish","type":"page","link":"https:\/\/www.mark-rohde.de\/?page_id=84","title":{"rendered":"Impressum"},"content":{"rendered":"<h5>Angaben gem\u00e4\u00df \u00a7 5 TMG:<\/h5>\n<p><small>Mark Rohde<br \/>Oeggstr. 2<br \/>97070 W\u00fcrzburg<\/small><\/p>\n<h5>\u00a0<\/h5>\n<h5>Kontakt:<\/h5>\n<p>\u00a0<\/p>\n<table>\n<tbody>\n<tr>\n<td>Telefon:<\/td>\n<td>0931 \/ 375 &#8211; 132<\/td>\n<\/tr>\n<tr>\n<td>E-Mail:<\/td>\n<td id=\"mail_address\">Diese E-Mail ist gegen Spam-Bots gesch\u00fctzt. Zur Anzeige muss JavaScript eingeschaltet sein.<\/td>\n<\/tr>\n<\/tbody>\n<\/table>\n<h5>Verantwortlich f\u00fcr den Inhalt nach \u00a7 55 Abs. 2 RStV:<\/h5>\n<p><small>Mark Rohde<br \/>Oeggstr. 2<br \/>97070 W\u00fcrzburg<\/small><\/p>\n<p>\u00a0<\/p>\n<p><small>Der Dienstanbieter ist nicht bereit oder verpflichtet, an Streitbeilegungsverfahren vor einer Verbraucherschlichtungsstelle teilzunehmen.<\/small><\/p>\n<h5>\u00a0<\/h5>\n<h5>Haftung f\u00fcr Inhalte<\/h5>\n<p><small>Als Diensteanbieter sind wir gem\u00e4\u00df \u00a7 7 Abs.1 TMG f\u00fcr eigene Inhalte auf diesen Seiten nach den allgemeinen Gesetzen verantwortlich. Nach \u00a7\u00a7 8 bis 10 TMG sind wir als Diensteanbieter jedoch nicht verpflichtet, \u00fcbermittelte oder gespeicherte fremde Informationen zu \u00fcberwachen oder nach Umst\u00e4nden zu forschen, die auf eine rechtswidrige T\u00e4tigkeit hinweisen.<br \/>Verpflichtungen zur Entfernung oder Sperrung der Nutzung von Informationen nach den allgemeinen Gesetzen bleiben hiervon unber\u00fchrt. Eine diesbez\u00fcgliche Haftung ist jedoch erst ab dem Zeitpunkt der Kenntnis einer konkreten Rechtsverletzung m\u00f6glich. Bei Bekanntwerden von entsprechenden Rechtsverletzungen werden wir diese Inhalte umgehend entfernen.<\/small><\/p>\n<h5>\u00a0<\/h5>\n<h5>Haftung f\u00fcr Links<\/h5>\n<p><small>Unser Angebot enth\u00e4lt Links zu externen Webseiten Dritter, auf<br \/>deren Inhalte wir keinen Einfluss haben. Deshalb k\u00f6nnen wir f\u00fcr diese fremden Inhalte auch keine Gew\u00e4hr \u00fcbernehmen. F\u00fcr die Inhalte der verlinkten Seiten ist stets der jeweilige Anbieter oder Betreiber der Seiten verantwortlich. Die verlinkten Seiten wurden zum Zeitpunkt der Verlinkung auf m\u00f6gliche Rechtsverst\u00f6\u00dfe \u00fcberpr\u00fcft. Rechtswidrige Inhalte waren zum Zeitpunkt der Verlinkung nicht erkennbar.<br \/>Eine permanente inhaltliche Kontrolle der verlinkten Seiten ist jedoch ohne konkrete Anhaltspunkte einer Rechtsverletzung nicht zumutbar. Bei Bekanntwerden von Rechtsverletzungen werden wir derartige Links umgehend entfernen.<\/small><\/p>\n<h5>\u00a0<\/h5>\n<h5>Urheberrecht<\/h5>\n<p><small>Die durch die Seitenbetreiber erstellten Inhalte und Werke auf diesen Seiten unterliegen dem deutschen Urheberrecht. Die Vervielf\u00e4ltigung, Bearbeitung, Verbreitung und jede Art der Verwertung au\u00dferhalb der Grenzen des Urheberrechtes bed\u00fcrfen der schriftlichen Zustimmung des jeweiligen Autors bzw. Erstellers. Downloads und Kopien dieser Seite sind nur f\u00fcr den privaten, nicht kommerziellen Gebrauch gestattet.<br \/>Soweit die Inhalte auf dieser Seite nicht vom Betreiber erstellt wurden, werden die Urheberrechte Dritter beachtet. Insbesondere werden Inhalte Dritter als solche gekennzeichnet. Sollten Sie trotzdem auf eine Urheberrechtsverletzung aufmerksam werden, bitten wir um einen entsprechenden Hinweis. Bei Bekanntwerden von Rechtsverletzungen werden wir derartige Inhalte umgehend entfernen.<br \/>Die Rechte f\u00fcr die verwendeten Fotos liegen bei <a href=\"http:\/\/www.patrick-labitzke.de\">Patrick Labitzke<\/a> sowie &#8211; f\u00fcr die Bilder bei Repertoire, Pressestimmen, Kontakt und Impressum &#8211; bei <a href=\"https:\/\/www.corinnaleonbacher.de\">Corinna Leonbacher<\/a><\/small>.<\/p>\n<h4>Datenschutzerkl\u00e4rung<\/h4>\n<h5>Datenschutz<\/h5>\n<p><small>Die Betreiber dieser Seiten nehmen den Schutz Ihrer pers\u00f6nlichen Daten sehr ernst. Wir behandeln Ihre personenbezogenen Daten vertraulich und entsprechend der gesetzlichen Datenschutzvorschriften sowie dieser Datenschutzerkl\u00e4rung.<br \/>Die Nutzung unserer Webseite ist in der Regel ohne Angabe personenbezogener Daten m\u00f6glich. Soweit auf unseren Seiten personenbezogene Daten (beispielsweise E-Mail-Adressen) erhoben werden, erfolgt dies stets auf freiwilliger Basis. Diese Daten werden ohne Ihre ausdr\u00fcckliche Zustimmung nicht an Dritte weitergegeben.<br \/>Wir weisen darauf hin, dass die Daten\u00fcbertragung im Internet (z.B. bei der Kommunikation per E-Mail) Sicherheitsl\u00fccken aufweisen kann. Ein l\u00fcckenloser Schutz der Daten vor dem Zugriff durch Dritte ist nicht m\u00f6glich.<\/small><\/p>\n<p>\u00a0<\/p>\n<h5>SSL-Verschl\u00fcsselung<\/h5>\n<p><small><br \/>Diese Seite nutzt aus Gr\u00fcnden der Sicherheit und zum Schutz der \u00dcbertragung vertraulicher Inhalte, wie zum Beispiel der Anfragen, die Sie an uns als Seitenbetreiber senden, eine SSL- Verschl\u00fcsselung. Eine verschl\u00fcsselte Verbindung erkennen Sie daran, dass die Adresszeile des Browsers von &#8222;http:\/\/&#8220; auf &#8222;https:\/\/&#8220; wechselt und an dem Schloss-Symbol in Ihrer Browserzeile.<br \/>Wenn die SSL Verschl\u00fcsselung aktiviert ist, k\u00f6nnen die Daten, die Sie an uns \u00fcbermitteln, nicht von Dritten mitgelesen werden.<\/small><\/p>\n<p>\u00a0<\/p>\n<h5>Widerspruch gegen Werbe-Mails<\/h5>\n<p><small><br \/>Der Nutzung von im Rahmen der Impressumspflicht ver\u00f6ffentlichten Kontaktdaten zur \u00dcbersendung von nicht ausdr\u00fccklich angeforderter Werbung und Informationsmaterialien wird hiermit widersprochen. Die Betreiber der Seiten behalten sich ausdr\u00fccklich rechtliche Schritte im Falle der unverlangten Zusendung von Werbeinformationen, etwa durch Spam-E-Mails, vor.<\/small><\/p>\n<p>\u00a0<\/p>\n<p><small>Quelle: e-Recht24.de<\/small><\/p>\n<p><script type=\"text\/javascript\">\n\/* Decrypting part *\/\nn='262260%24423987%24139872%24454584%24498294%24441471%24445842%24266631%24148614%24476439%24423987%24458955%24472068%24507036%24485181%24253518%24139872%24428358%24511407%24441471%24498294%24485181%24279744%24476439%24423987%24498294%24467697%24196695%24498294%24485181%24454584%24437100%24441471%24201066%24432729%24485181%24476439%24148614%24271002%24428358%24511407%24441471%24498294%24485181%24279744%24476439%24423987%24498294%24467697%24196695%24498294%24485181%24454584%24437100%24441471%24201066%24432729%24485181%24476439%24262260%24205437%24423987%24271002%24';\nn=decodeURIComponent(n);s=n.split('$');var b='';\nfor(i=0;i<s.length;i++){b+=String.fromCharCode(s[i]\/4371)};\nvar m=document.getElementById('mail_address');m.innerHTML=b;\n<\/script><\/p>\n\n\n<p><\/p>\n","protected":false},"excerpt":{"rendered":"<p>Angaben gem\u00e4\u00df \u00a7 5 TMG: Mark RohdeOeggstr. 297070 W\u00fcrzburg \u00a0 Kontakt: \u00a0 Telefon: 0931 \/ 375 &#8211; 132 E-Mail: Diese E-Mail ist gegen Spam-Bots gesch\u00fctzt. Zur Anzeige muss JavaScript eingeschaltet sein. Verantwortlich f\u00fcr den Inhalt nach \u00a7 55 Abs. 2 RStV: Mark RohdeOeggstr. 297070 W\u00fcrzburg \u00a0 Der Dienstanbieter ist nicht bereit oder verpflichtet, an Streitbeilegungsverfahren&#8230;<\/p>\n<p class=\"more-link-wrap\"><a class=\"more-link\" href=\"https:\/\/www.mark-rohde.de\/?page_id=84\">Read More<\/a><\/p>\n","protected":false},"author":2,"featured_media":196,"parent":0,"menu_order":0,"comment_status":"closed","ping_status":"closed","template":"page-templates\/template-featured-image.php","meta":{"_genesis_hide_title":false,"_genesis_hide_breadcrumbs":false,"_genesis_hide_singular_image":false,"_genesis_hide_footer_widgets":false,"_genesis_custom_body_class":"","_genesis_custom_post_class":"","_genesis_layout":"","footnotes":""},"class_list":{"0":"post-84","1":"page","2":"type-page","3":"status-publish","4":"has-post-thumbnail","6":"entry"},"_links":{"self":[{"href":"https:\/\/www.mark-rohde.de\/index.php?rest_route=\/wp\/v2\/pages\/84","targetHints":{"allow":["GET"]}}],"collection":[{"href":"https:\/\/www.mark-rohde.de\/index.php?rest_route=\/wp\/v2\/pages"}],"about":[{"href":"https:\/\/www.mark-rohde.de\/index.php?rest_route=\/wp\/v2\/types\/page"}],"author":[{"embeddable":true,"href":"https:\/\/www.mark-rohde.de\/index.php?rest_route=\/wp\/v2\/users\/2"}],"replies":[{"embeddable":true,"href":"https:\/\/www.mark-rohde.de\/index.php?rest_route=%2Fwp%2Fv2%2Fcomments&post=84"}],"version-history":[{"count":30,"href":"https:\/\/www.mark-rohde.de\/index.php?rest_route=\/wp\/v2\/pages\/84\/revisions"}],"predecessor-version":[{"id":782,"href":"https:\/\/www.mark-rohde.de\/index.php?rest_route=\/wp\/v2\/pages\/84\/revisions\/782"}],"wp:featuredmedia":[{"embeddable":true,"href":"https:\/\/www.mark-rohde.de\/index.php?rest_route=\/wp\/v2\/media\/196"}],"wp:attachment":[{"href":"https:\/\/www.mark-rohde.de\/index.php?rest_route=%2Fwp%2Fv2%2Fmedia&parent=84"}],"curies":[{"name":"wp","href":"https:\/\/api.w.org\/{rel}","templated":true}]}}