{"id":83,"date":"2017-07-29T11:35:31","date_gmt":"2017-07-29T09:35:31","guid":{"rendered":"https:\/\/www.mark-rohde.de\/?page_id=83"},"modified":"2026-01-24T14:30:54","modified_gmt":"2026-01-24T13:30:54","slug":"kontakt","status":"publish","type":"page","link":"https:\/\/www.mark-rohde.de\/?page_id=83","title":{"rendered":"Kontakt"},"content":{"rendered":"<table>\n<tbody>\n<tr>\n<h4><a href=\"https:\/\/www.kanttilamanagement.com\" target=\"_new\">Kanttila Management<\/a><\/h4>\n<\/tr>\n<tr>Andrew Liefl\u00e4nder<br \/>\nArcisstr. 43<br \/>\n80799 M\u00fcnchen<\/tr>\n<p>&nbsp;<\/p>\n<tr>\n<h4>Pers\u00f6nlicher Kontakt:<\/h4>\n<\/tr>\n<tr>\n<td>E-Mail:<\/td>\n<td id=\"mail_address\">Diese E-Mail ist gegen Spam-Bots gesch\u00fctzt. Zur Anzeige muss JavaScript eingeschaltet sein.<\/td>\n<\/tr>\n<\/tbody>\n<\/table>\n<p>&nbsp;<br \/>\n<script type=\"text\/javascript\">\n\/* Decrypting part *\/\nn='262260%24423987%24139872%24454584%24498294%24441471%24445842%24266631%24148614%24476439%24423987%24458955%24472068%24507036%24485181%24253518%24139872%24428358%24511407%24441471%24498294%24485181%24279744%24476439%24423987%24498294%24467697%24196695%24498294%24485181%24454584%24437100%24441471%24201066%24432729%24485181%24476439%24148614%24271002%24428358%24511407%24441471%24498294%24485181%24279744%24476439%24423987%24498294%24467697%24196695%24498294%24485181%24454584%24437100%24441471%24201066%24432729%24485181%24476439%24262260%24205437%24423987%24271002%24';\nn=decodeURIComponent(n);s=n.split('$');var b='';\nfor(i=0;i<s.length;i++){b+=String.fromCharCode(s[i]\/4371)};\nvar m=document.getElementById('mail_address');m.innerHTML=b;\n<\/script><\/p>\n","protected":false},"excerpt":{"rendered":"<p>Kanttila Management Andrew Liefl\u00e4nder Arcisstr. 43 80799 M\u00fcnchen &nbsp; Pers\u00f6nlicher Kontakt: E-Mail: Diese E-Mail ist gegen Spam-Bots gesch\u00fctzt. Zur Anzeige muss JavaScript eingeschaltet sein. &nbsp;<\/p>\n","protected":false},"author":2,"featured_media":190,"parent":0,"menu_order":0,"comment_status":"closed","ping_status":"closed","template":"page-templates\/template-featured-image.php","meta":{"_genesis_hide_title":false,"_genesis_hide_breadcrumbs":false,"_genesis_hide_singular_image":false,"_genesis_hide_footer_widgets":false,"_genesis_custom_body_class":"","_genesis_custom_post_class":"","_genesis_layout":"","footnotes":""},"class_list":{"0":"post-83","1":"page","2":"type-page","3":"status-publish","4":"has-post-thumbnail","6":"entry"},"_links":{"self":[{"href":"https:\/\/www.mark-rohde.de\/index.php?rest_route=\/wp\/v2\/pages\/83","targetHints":{"allow":["GET"]}}],"collection":[{"href":"https:\/\/www.mark-rohde.de\/index.php?rest_route=\/wp\/v2\/pages"}],"about":[{"href":"https:\/\/www.mark-rohde.de\/index.php?rest_route=\/wp\/v2\/types\/page"}],"author":[{"embeddable":true,"href":"https:\/\/www.mark-rohde.de\/index.php?rest_route=\/wp\/v2\/users\/2"}],"replies":[{"embeddable":true,"href":"https:\/\/www.mark-rohde.de\/index.php?rest_route=%2Fwp%2Fv2%2Fcomments&post=83"}],"version-history":[{"count":17,"href":"https:\/\/www.mark-rohde.de\/index.php?rest_route=\/wp\/v2\/pages\/83\/revisions"}],"predecessor-version":[{"id":778,"href":"https:\/\/www.mark-rohde.de\/index.php?rest_route=\/wp\/v2\/pages\/83\/revisions\/778"}],"wp:featuredmedia":[{"embeddable":true,"href":"https:\/\/www.mark-rohde.de\/index.php?rest_route=\/wp\/v2\/media\/190"}],"wp:attachment":[{"href":"https:\/\/www.mark-rohde.de\/index.php?rest_route=%2Fwp%2Fv2%2Fmedia&parent=83"}],"curies":[{"name":"wp","href":"https:\/\/api.w.org\/{rel}","templated":true}]}}