{"id":79,"date":"2017-07-29T11:35:31","date_gmt":"2017-07-29T09:35:31","guid":{"rendered":"https:\/\/www.mark-rohde.de\/?page_id=79"},"modified":"2021-07-25T17:47:20","modified_gmt":"2021-07-25T15:47:20","slug":"konzert","status":"publish","type":"page","link":"https:\/\/www.mark-rohde.de\/?page_id=79","title":{"rendered":"Konzert-Repertoire"},"content":{"rendered":"\n<small>\n<table>\n<tbody>\n<tr>\n<td>Adams<\/td>\n<td>Short Ride In A Fast Machine<p><\/p>\n<\/td><td><\/td><\/tr>\n<tr>\n<td>Bach<\/td>\n<td>Cembalokonzert d-moll<br>Suite Nr. 2 h-moll<br>Violinkonzerte<p><\/p>\n<\/td><td><\/td><\/tr>\n<tr>\n<td>Bart\u00f3k<\/td>\n<td>Konzert f\u00fcr Orchester<br>Konzert f\u00fcr Viola und Orchester<p><\/p>\n<\/td><td><\/td><\/tr>\n<tr>\n<td>Beethoven<\/td>\n<td>Ouvert\u00fcren zu Coriolan, Egmont, Fidelio, Leonore III<br>Klavierkonzerte<br>Sinfonien<br>Tripelkonzert<br>Violinkonzert<p><\/p>\n<\/td><td><\/td><\/tr>\n<tr>\n<td>Berg<\/td>\n<td>Violinkonzert<p><\/p>\n<\/td><td><\/td><\/tr>\n<tr>\n<td>Brahms<\/td>\n<td>Klavierkonzerte Nr.1, 2<br>Serenade Nr. 2<br>Sinfonien 1-4<br>Variationen \u00fcber ein Thema von J. Haydn<br>Violinkonzert<p><\/p>\n<\/td><td><\/td><\/tr>\n<tr>\n<td>Bruckner<\/td>\n<td>Sinfonien Nr. 5, 7<p><\/p>\n<\/td><td><\/td><\/tr>\n<tr>\n<td>Chopin<\/td>\n<td>Klavierkonzert Nr. 2<p><\/p>\n<\/td><td><\/td><\/tr>\n<tr>\n<td>Copland<\/td>\n<td>Klavierkonzert<p><\/p>\n<\/td><td><\/td><\/tr>\n<tr>\n<td>Debussy<\/td>\n<td>La Mer<br>Pr\u00e9lude \u00e0 l\u00b4apr\u00e8s-midi d\u00b4un faune<p><\/p>\n<\/td><td><\/td><\/tr>\n<tr>\n<td>Dvo\u0159\u00e1k<\/td>\n<td>Konzert f\u00fcr Violoncello und Orchester<br>Sinfonien Nr. 8, 9<br>Sinfonische Variationen<p><\/p>\n<\/td><td><\/td><\/tr>\n<tr>\n<td>Elgar<\/td>\n<td>Cellokonzert<br>Streicherserenade<p><\/p>\n<\/td><td><\/td><\/tr>\n<tr>\n<td>Faur\u00e9<\/td>\n<td>Elegie f\u00fcr Violoncello und Orchester<p><\/p>\n<\/td><td><\/td><\/tr>\n<tr>\n<td>Flotow<\/td>\n<td>Jubel-Ouvert\u00fcre<br>Ouvert\u00fcre zu &#8222;Alessandro Stradella&#8220;<p><\/p>\n<\/td><td><\/td><\/tr>\n<tr>\n<td>Gershwin<\/td>\n<td>Ein Amerikaner in Paris<br>Kubanische Ouvert\u00fcre<p><\/p>\n<\/td><td><\/td><\/tr>\n<tr>\n<td>Glass<\/td>\n<td>Symphony Nr. 8<p><\/p>\n<\/td><td><\/td><\/tr>\n<tr>\n<td>Griffes<\/td>\n<td>Poem f\u00fcr Fl\u00f6te und Orchester<p><\/p>\n<\/td><td><\/td><\/tr>\n<tr>\n<td>Gr\u00f6ndahl<\/td>\n<td>Konzert f\u00fcr Posaune und Orchester<p><\/p>\n<\/td><td><\/td><\/tr>\n<tr>\n<td>Gubaidulina<\/td>\n<td>M\u00e4rchenpoem<p><\/p>\n<\/td><td><\/td><\/tr>\n<tr>\n<td>Haydn<\/td>\n<td>Cellokonzerte Nr. 1, 2<br>Sinfonia Concertante<br>diverse Sinfonien<p><\/p>\n<\/td><td><\/td><\/tr>\n<tr>\n<td>Hindemith<\/td>\n<td>Mathis der Maler, Sinfonie<p><\/p>\n<\/td><td><\/td><\/tr>\n<tr>\n<td>Ibert<\/td>\n<td>Concertino f\u00fcr Saxophon<br>Konzert f\u00fcr Fl\u00f6te und Orchester<p><\/p>\n<\/td><td><\/td><\/tr>\n<tr>\n<td>Kim<\/td>\n<td>Exodus (UA)<p><\/p>\n<\/td><td><\/td><\/tr>\n<tr>\n<td>Kod\u00e1ly<\/td>\n<td>T\u00e4nze aus Gal\u00e1nta<p><\/p>\n<\/td><td><\/td><\/tr>\n<tr><td>K\u00fccken<\/td><td>Waldleben (Ouvert\u00fcre)<\/td><\/tr>\n<tr>\n<td>Liszt<\/td>\n<td>Les Pr\u00e9ludes<br>Klavierkonzerte 1, 2<p><\/p>\n<\/td><td><\/td><\/tr>\n<tr>\n<td>Mahler<\/td>\n<td>Sinfonien Nr. 4, 6<p><\/p>\n<\/td><td><\/td><\/tr>\n<tr>\n<td>Martinu<\/td>\n<td>Konzert-Rhapsodie f\u00fcr Viola und Orchester<p><\/p>\n<\/td><td><\/td><\/tr>\n<tr><td>Mayer<\/td><td>Faust-Ouvert\u00fcre<br>Ouvert\u00fcre C-Dur<br>Ouvert\u00fcre D-Dur<br>Ouvert\u00fcre d-moll<br>Sinfonie Nr. 3 &#8222;Militaire&#8220;<\/td><\/tr>\n<tr>\n<td>Mendelssohn<\/td>\n<td>Hebriden-Ouvert\u00fcre<br>Meeresstille und gl\u00fcckliche Fahrt<br>Melusine-Overt\u00fcre<br>Sinfonien Nr. 1, 3, 4<br>Ein Sommernachtstraum (Suite)<br>Violinkonzert e-moll<p><\/p>\n<\/td><td><\/td><\/tr>\n<tr>\n<td>Mozart<\/td>\n<td>Adagio und Fuge c-moll<br>Fl\u00f6tenkonzert KV 314<br>Klarinettenkonzert KV 622<br>Klavierkonzerte KV 414, 466, 488<br>Sinfonien KV 136-138, 201, 425, 543, 550, 551<br>Violinkonzerte Nr. 2-5<p><\/p>\n<\/td><td><\/td><\/tr>\n<tr>\n<td>P\u00e4rt<\/td>\n<td>Cantus in Memoriam Benjamin Britten<br>Fratres<p><\/p>\n<\/td><td><\/td><\/tr>\n<tr>\n<td>Polscher<\/td>\n<td>Madame Bovary<p><\/p>\n<\/td><td><\/td><\/tr>\n<tr>\n<td>Prokofiev<\/td>\n<td>Andante aus der 4. Klaviersonate (arr. Prokofiev) op. 29 a<br>Herbstbild op. 8<br>Leutnant Kije \u2013 Suite op. 60<br>Violinkonzert Nr.2<br>Visions fugitives (arr. f\u00fcr Streichorchester)<p><\/p>\n<\/td><td><\/td><\/tr>\n<tr>\n<td>Ravel<\/td>\n<td>Daphnis und Chloe (komplettes Ballett)<br>Le Tombeau de Couperin<br>Ma m\u00e8re l\u00b4oye<p><\/p>\n<\/td><td><\/td><\/tr>\n<tr>\n<td>Rachmaninov<\/td>\n<td>Sinfonie Nr. 3<p><\/p>\n<\/td><td><\/td><\/tr>\n<tr>\n<td>Roussel<\/td>\n<td>Le Festin de l\u00b4Araign\u00e9e<p><\/p>\n<\/td><td><\/td><\/tr>\n<tr>\n<td>Saint-Sa\u00ebns<\/td>\n<td>Danse macabre<br>Konzert f\u00fcr Violoncello und Orchester a-moll<p><\/p>\n<\/td><td><\/td><\/tr>\n<tr>\n<td>Sch\u00f6nberg<\/td>\n<td>Verkl\u00e4rte Nacht<p><\/p>\n<\/td><td><\/td><\/tr>\n<tr>\n<td>Schubert<\/td>\n<td>Rosamunde Overt\u00fce<br>Sinfonien Nr. 4, 5, 7, 8<p><\/p>\n<\/td><td><\/td><\/tr>\n<tr>\n<td>Schumann<\/td>\n<td>Sinfonien 1-4<p><\/p>\n<\/td><td><\/td><\/tr>\n<tr>\n<td>S\u00e9journ\u00e9<\/td>\n<td>Konzert f\u00fcr Marimbaphon<p><\/p>\n<\/td><td><\/td><\/tr>\n<tr>\n<td>Shostakovich<\/td>\n<td>Hypothetically Murdered<br>Jazz Suite Nr. 2<p><\/p>\n<\/td><td><\/td><\/tr>\n<tr>\n<td>Sibelius<\/td>\n<td>Sinfonie Nr. 7<br>Violinkonzert<p><\/p>\n<\/td><td><\/td><\/tr>\n<tr>\n<td>Smetana<\/td>\n<td>M\u00e1 Vlast<p><\/p>\n<\/td><td><\/td><\/tr>\n<tr>\n<td>Sollima<\/td>\n<td>Paradiso<p><\/p>\n<\/td><td><\/td><\/tr>\n<tr>\n<td>Strauss, J.<\/td>\n<td>Ouvert\u00fcren zu Fledermaus, Zigeunerbaron<br>diverse Walzer, Polkas<p><\/p>\n<\/td><td><\/td><\/tr>\n<tr>\n<td>Strauss, R.<\/td>\n<td>Aus Italien<br>Bl\u00e4serserenade<br>B\u00fcrger als Edelmann (Suite)<br>Hornkonzert Nr. 2<br>Oboenkonzert<br>Till Eulenspiegel<br>Don Quixote<p><\/p>\n<\/td><td><\/td><\/tr>\n<tr>\n<td>Strawinsky<\/td>\n<td>Cirkus Polka<br>Petruschka<br>Le sacre du printemps<p><\/p>\n<\/td><td><\/td><\/tr>\n<tr>\n<td>Supp\u00e9<\/td>\n<td>Die sch\u00f6ne Galath\u00e9e (Ouvert\u00fcre)<p><\/p>\n<\/td><td><\/td><\/tr>\n<tr>\n<td>Tschaikowsky<\/td>\n<td>Serenade f. Streicher<br>Sinfonien 4, 5, 6<br>Violinkonzert<p><\/p>\n<\/td><td><\/td><\/tr>\n<tr>\n<td>Wagner<\/td>\n<td>Siegfried-Idyll<p><\/p>\n<\/td><td><\/td><\/tr>\n<tr>\n<td>Walker<\/td>\n<td>Lyric for Strings<p><\/p>\n<\/td><td><\/td><\/tr>\n<tr>\n<td>Weber<\/td>\n<td>Euryanthe (Ouvert\u00fcre)<br>Klarinettenkonzert Nr. 1<br>Oberon (Ouvert\u00fcre)<p><\/p>\n<\/td><td><\/td><\/tr>\n<tr>\n<td>Widmann<\/td>\n<td>Konzertovert\u00fcre \u201eCon brio\u201c<p><\/p>\n<\/td><td><\/td><\/tr>\n<tr>\n<td>Zemlinsky<\/td>\n<td>Die Seejungfrau (Urfassung)<p><\/p>\n<\/td><td><\/td><\/tr>\n<\/tbody>\n<\/table>\n<\/small>\n","protected":false},"excerpt":{"rendered":"<p>Adams Short Ride In A Fast Machine Bach Cembalokonzert d-mollSuite Nr. 2 h-mollViolinkonzerte Bart\u00f3k Konzert f\u00fcr OrchesterKonzert f\u00fcr Viola und Orchester Beethoven Ouvert\u00fcren zu Coriolan, Egmont, Fidelio, Leonore IIIKlavierkonzerteSinfonienTripelkonzertViolinkonzert Berg Violinkonzert Brahms Klavierkonzerte Nr.1, 2Serenade Nr. 2Sinfonien 1-4Variationen \u00fcber ein Thema von J. HaydnViolinkonzert Bruckner Sinfonien Nr. 5, 7 Chopin Klavierkonzert Nr. 2 Copland Klavierkonzert&#8230;<\/p>\n<p class=\"more-link-wrap\"><a class=\"more-link\" href=\"https:\/\/www.mark-rohde.de\/?page_id=79\">Read More<\/a><\/p>\n","protected":false},"author":2,"featured_media":195,"parent":0,"menu_order":0,"comment_status":"closed","ping_status":"closed","template":"page-templates\/template-featured-image.php","meta":{"_genesis_hide_title":false,"_genesis_hide_breadcrumbs":false,"_genesis_hide_singular_image":false,"_genesis_hide_footer_widgets":false,"_genesis_custom_body_class":"","_genesis_custom_post_class":"","_genesis_layout":"","footnotes":""},"class_list":{"0":"post-79","1":"page","2":"type-page","3":"status-publish","4":"has-post-thumbnail","6":"entry"},"_links":{"self":[{"href":"https:\/\/www.mark-rohde.de\/index.php?rest_route=\/wp\/v2\/pages\/79","targetHints":{"allow":["GET"]}}],"collection":[{"href":"https:\/\/www.mark-rohde.de\/index.php?rest_route=\/wp\/v2\/pages"}],"about":[{"href":"https:\/\/www.mark-rohde.de\/index.php?rest_route=\/wp\/v2\/types\/page"}],"author":[{"embeddable":true,"href":"https:\/\/www.mark-rohde.de\/index.php?rest_route=\/wp\/v2\/users\/2"}],"replies":[{"embeddable":true,"href":"https:\/\/www.mark-rohde.de\/index.php?rest_route=%2Fwp%2Fv2%2Fcomments&post=79"}],"version-history":[{"count":20,"href":"https:\/\/www.mark-rohde.de\/index.php?rest_route=\/wp\/v2\/pages\/79\/revisions"}],"predecessor-version":[{"id":441,"href":"https:\/\/www.mark-rohde.de\/index.php?rest_route=\/wp\/v2\/pages\/79\/revisions\/441"}],"wp:featuredmedia":[{"embeddable":true,"href":"https:\/\/www.mark-rohde.de\/index.php?rest_route=\/wp\/v2\/media\/195"}],"wp:attachment":[{"href":"https:\/\/www.mark-rohde.de\/index.php?rest_route=%2Fwp%2Fv2%2Fmedia&parent=79"}],"curies":[{"name":"wp","href":"https:\/\/api.w.org\/{rel}","templated":true}]}}